{"id":17452,"date":"2023-08-28T15:35:28","date_gmt":"2023-08-28T15:35:28","guid":{"rendered":"https:\/\/brazilianbuttlift.ch\/contact\/"},"modified":"2026-03-09T15:16:16","modified_gmt":"2026-03-09T15:16:16","slug":"contact","status":"publish","type":"page","link":"https:\/\/brazilianbuttlift.ch\/en\/contact\/","title":{"rendered":"Contact"},"content":{"rendered":"","protected":false},"excerpt":{"rendered":"","protected":false},"author":18,"featured_media":0,"parent":0,"menu_order":0,"comment_status":"open","ping_status":"closed","template":"page-templates\/ContactPage.php","meta":[],"acf":[],"yoast_head":"<!-- This site is optimized with the Yoast SEO plugin v19.13 - https:\/\/yoast.com\/wordpress\/plugins\/seo\/ -->\n<title>Devis Chirurgie ou M\u00e9decine Esth\u00e9tique Lausanne<\/title>\n<meta name=\"description\" content=\"Prenez contact pour obtenir votre devis pour une prestation de Chirurgie Esth\u00e9tique ou de M\u00e9decine Esth\u00e9tique\" \/>\n<meta name=\"robots\" content=\"noindex, follow, max-snippet:-1, max-image-preview:large, max-video-preview:-1\" \/>\n<meta property=\"og:locale\" content=\"en_US\" \/>\n<meta property=\"og:type\" content=\"article\" \/>\n<meta property=\"og:title\" content=\"Devis Chirurgie ou M\u00e9decine Esth\u00e9tique Lausanne\" \/>\n<meta property=\"og:description\" content=\"Prenez contact pour obtenir votre devis pour une prestation de Chirurgie Esth\u00e9tique ou de M\u00e9decine Esth\u00e9tique\" \/>\n<meta property=\"og:url\" content=\"https:\/\/brazilianbuttlift.ch\/en\/contact\/\" \/>\n<meta property=\"og:site_name\" content=\"Brazilianbuttlift\" \/>\n<meta property=\"article:modified_time\" content=\"2026-03-09T15:16:16+00:00\" \/>\n<meta name=\"twitter:card\" content=\"summary_large_image\" \/>\n<script type=\"application\/ld+json\" class=\"yoast-schema-graph\">{\"@context\":\"https:\/\/schema.org\",\"@graph\":[{\"@type\":\"WebPage\",\"@id\":\"https:\/\/brazilianbuttlift.ch\/en\/contact\/\",\"url\":\"https:\/\/brazilianbuttlift.ch\/en\/contact\/\",\"name\":\"Devis Chirurgie ou M\u00e9decine Esth\u00e9tique Lausanne\",\"isPartOf\":{\"@id\":\"https:\/\/brazilianbuttlift.ch\/fr\/#website\"},\"datePublished\":\"2023-08-28T15:35:28+00:00\",\"dateModified\":\"2026-03-09T15:16:16+00:00\",\"description\":\"Prenez contact pour obtenir votre devis pour une prestation de Chirurgie Esth\u00e9tique ou de M\u00e9decine Esth\u00e9tique\",\"breadcrumb\":{\"@id\":\"https:\/\/brazilianbuttlift.ch\/en\/contact\/#breadcrumb\"},\"inLanguage\":\"en-US\",\"potentialAction\":[{\"@type\":\"ReadAction\",\"target\":[\"https:\/\/brazilianbuttlift.ch\/en\/contact\/\"]}]},{\"@type\":\"BreadcrumbList\",\"@id\":\"https:\/\/brazilianbuttlift.ch\/en\/contact\/#breadcrumb\",\"itemListElement\":[{\"@type\":\"ListItem\",\"position\":1,\"name\":\"Home\",\"item\":\"https:\/\/brazilianbuttlift.ch\/en\/\"},{\"@type\":\"ListItem\",\"position\":2,\"name\":\"Contact\"}]},{\"@type\":\"WebSite\",\"@id\":\"https:\/\/brazilianbuttlift.ch\/fr\/#website\",\"url\":\"https:\/\/brazilianbuttlift.ch\/fr\/\",\"name\":\"Brazilianbuttlift\",\"description\":\"\",\"potentialAction\":[{\"@type\":\"SearchAction\",\"target\":{\"@type\":\"EntryPoint\",\"urlTemplate\":\"https:\/\/brazilianbuttlift.ch\/fr\/?s={search_term_string}\"},\"query-input\":\"required name=search_term_string\"}],\"inLanguage\":\"en-US\"}]}<\/script>\n<!-- \/ Yoast SEO plugin. -->","yoast_head_json":{"title":"Devis Chirurgie ou M\u00e9decine Esth\u00e9tique Lausanne","description":"Prenez contact pour obtenir votre devis pour une prestation de Chirurgie Esth\u00e9tique ou de M\u00e9decine Esth\u00e9tique","robots":{"index":"noindex","follow":"follow","max-snippet":"max-snippet:-1","max-image-preview":"max-image-preview:large","max-video-preview":"max-video-preview:-1"},"og_locale":"en_US","og_type":"article","og_title":"Devis Chirurgie ou M\u00e9decine Esth\u00e9tique Lausanne","og_description":"Prenez contact pour obtenir votre devis pour une prestation de Chirurgie Esth\u00e9tique ou de M\u00e9decine Esth\u00e9tique","og_url":"https:\/\/brazilianbuttlift.ch\/en\/contact\/","og_site_name":"Brazilianbuttlift","article_modified_time":"2026-03-09T15:16:16+00:00","twitter_card":"summary_large_image","schema":{"@context":"https:\/\/schema.org","@graph":[{"@type":"WebPage","@id":"https:\/\/brazilianbuttlift.ch\/en\/contact\/","url":"https:\/\/brazilianbuttlift.ch\/en\/contact\/","name":"Devis Chirurgie ou M\u00e9decine Esth\u00e9tique Lausanne","isPartOf":{"@id":"https:\/\/brazilianbuttlift.ch\/fr\/#website"},"datePublished":"2023-08-28T15:35:28+00:00","dateModified":"2026-03-09T15:16:16+00:00","description":"Prenez contact pour obtenir votre devis pour une prestation de Chirurgie Esth\u00e9tique ou de M\u00e9decine Esth\u00e9tique","breadcrumb":{"@id":"https:\/\/brazilianbuttlift.ch\/en\/contact\/#breadcrumb"},"inLanguage":"en-US","potentialAction":[{"@type":"ReadAction","target":["https:\/\/brazilianbuttlift.ch\/en\/contact\/"]}]},{"@type":"BreadcrumbList","@id":"https:\/\/brazilianbuttlift.ch\/en\/contact\/#breadcrumb","itemListElement":[{"@type":"ListItem","position":1,"name":"Home","item":"https:\/\/brazilianbuttlift.ch\/en\/"},{"@type":"ListItem","position":2,"name":"Contact"}]},{"@type":"WebSite","@id":"https:\/\/brazilianbuttlift.ch\/fr\/#website","url":"https:\/\/brazilianbuttlift.ch\/fr\/","name":"Brazilianbuttlift","description":"","potentialAction":[{"@type":"SearchAction","target":{"@type":"EntryPoint","urlTemplate":"https:\/\/brazilianbuttlift.ch\/fr\/?s={search_term_string}"},"query-input":"required name=search_term_string"}],"inLanguage":"en-US"}]}},"_links":{"self":[{"href":"https:\/\/brazilianbuttlift.ch\/en\/wp-json\/wp\/v2\/pages\/17452"}],"collection":[{"href":"https:\/\/brazilianbuttlift.ch\/en\/wp-json\/wp\/v2\/pages"}],"about":[{"href":"https:\/\/brazilianbuttlift.ch\/en\/wp-json\/wp\/v2\/types\/page"}],"author":[{"embeddable":true,"href":"https:\/\/brazilianbuttlift.ch\/en\/wp-json\/wp\/v2\/users\/18"}],"replies":[{"embeddable":true,"href":"https:\/\/brazilianbuttlift.ch\/en\/wp-json\/wp\/v2\/comments?post=17452"}],"version-history":[{"count":3,"href":"https:\/\/brazilianbuttlift.ch\/en\/wp-json\/wp\/v2\/pages\/17452\/revisions"}],"predecessor-version":[{"id":24571,"href":"https:\/\/brazilianbuttlift.ch\/en\/wp-json\/wp\/v2\/pages\/17452\/revisions\/24571"}],"wp:attachment":[{"href":"https:\/\/brazilianbuttlift.ch\/en\/wp-json\/wp\/v2\/media?parent=17452"}],"curies":[{"name":"wp","href":"https:\/\/api.w.org\/{rel}","templated":true}]}}