{"id":6781,"date":"2023-08-21T20:52:33","date_gmt":"2023-08-21T20:52:33","guid":{"rendered":"https:\/\/brazilianbuttlift.ch\/?page_id=6781"},"modified":"2024-01-10T13:48:40","modified_gmt":"2024-01-10T13:48:40","slug":"a-propos-de-nous","status":"publish","type":"page","link":"https:\/\/brazilianbuttlift.ch\/fr\/a-propos-de-nous\/","title":{"rendered":"A propos de nous"},"content":{"rendered":"","protected":false},"excerpt":{"rendered":"","protected":false},"author":18,"featured_media":0,"parent":0,"menu_order":0,"comment_status":"open","ping_status":"open","template":"page-templates\/GeneralPage.php","meta":[],"acf":[],"yoast_head":"<!-- This site is optimized with the Yoast SEO plugin v19.13 - https:\/\/yoast.com\/wordpress\/plugins\/seo\/ -->\n<title>A propos de nous | Clinique Bellefontaine | Dr Favre | Lausanne<\/title>\n<meta name=\"description\" content=\"L&#039;\u00e9quipe du Dr Yann Favre propose des soins de m\u00e9decine esth\u00e9tique adapt\u00e9s aux besoins de chacun. D\u00e9couvrez les techniques et les tarifs des injections d&#039;acide hyaluronique ou de la liposuccion \u00e0 la clinique Bellefontaine de Lausanne\" \/>\n<meta name=\"robots\" content=\"noindex, follow, max-snippet:-1, max-image-preview:large, max-video-preview:-1\" \/>\n<meta property=\"og:locale\" content=\"fr_FR\" \/>\n<meta property=\"og:type\" content=\"article\" \/>\n<meta property=\"og:title\" content=\"A propos de nous | Clinique Bellefontaine | Dr Favre | Lausanne\" \/>\n<meta property=\"og:description\" content=\"L&#039;\u00e9quipe du Dr Yann Favre propose des soins de m\u00e9decine esth\u00e9tique adapt\u00e9s aux besoins de chacun. D\u00e9couvrez les techniques et les tarifs des injections d&#039;acide hyaluronique ou de la liposuccion \u00e0 la clinique Bellefontaine de Lausanne\" \/>\n<meta property=\"og:url\" content=\"https:\/\/brazilianbuttlift.ch\/fr\/a-propos-de-nous\/\" \/>\n<meta property=\"og:site_name\" content=\"Brazilianbuttlift\" \/>\n<meta property=\"article:modified_time\" content=\"2024-01-10T13:48:40+00:00\" \/>\n<meta name=\"twitter:card\" content=\"summary_large_image\" \/>\n<script type=\"application\/ld+json\" class=\"yoast-schema-graph\">{\"@context\":\"https:\/\/schema.org\",\"@graph\":[{\"@type\":\"WebPage\",\"@id\":\"https:\/\/brazilianbuttlift.ch\/fr\/a-propos-de-nous\/\",\"url\":\"https:\/\/brazilianbuttlift.ch\/fr\/a-propos-de-nous\/\",\"name\":\"A propos de nous | Clinique Bellefontaine | Dr Favre | Lausanne\",\"isPartOf\":{\"@id\":\"https:\/\/brazilianbuttlift.ch\/fr\/#website\"},\"datePublished\":\"2023-08-21T20:52:33+00:00\",\"dateModified\":\"2024-01-10T13:48:40+00:00\",\"description\":\"L'\u00e9quipe du Dr Yann Favre propose des soins de m\u00e9decine esth\u00e9tique adapt\u00e9s aux besoins de chacun. D\u00e9couvrez les techniques et les tarifs des injections d'acide hyaluronique ou de la liposuccion \u00e0 la clinique Bellefontaine de Lausanne\",\"breadcrumb\":{\"@id\":\"https:\/\/brazilianbuttlift.ch\/fr\/a-propos-de-nous\/#breadcrumb\"},\"inLanguage\":\"fr-FR\",\"potentialAction\":[{\"@type\":\"ReadAction\",\"target\":[\"https:\/\/brazilianbuttlift.ch\/fr\/a-propos-de-nous\/\"]}]},{\"@type\":\"BreadcrumbList\",\"@id\":\"https:\/\/brazilianbuttlift.ch\/fr\/a-propos-de-nous\/#breadcrumb\",\"itemListElement\":[{\"@type\":\"ListItem\",\"position\":1,\"name\":\"Home\",\"item\":\"https:\/\/brazilianbuttlift.ch\/fr\/\"},{\"@type\":\"ListItem\",\"position\":2,\"name\":\"A propos de nous\"}]},{\"@type\":\"WebSite\",\"@id\":\"https:\/\/brazilianbuttlift.ch\/fr\/#website\",\"url\":\"https:\/\/brazilianbuttlift.ch\/fr\/\",\"name\":\"Brazilianbuttlift\",\"description\":\"\",\"potentialAction\":[{\"@type\":\"SearchAction\",\"target\":{\"@type\":\"EntryPoint\",\"urlTemplate\":\"https:\/\/brazilianbuttlift.ch\/fr\/?s={search_term_string}\"},\"query-input\":\"required name=search_term_string\"}],\"inLanguage\":\"fr-FR\"}]}<\/script>\n<!-- \/ Yoast SEO plugin. -->","yoast_head_json":{"title":"A propos de nous | Clinique Bellefontaine | Dr Favre | Lausanne","description":"L'\u00e9quipe du Dr Yann Favre propose des soins de m\u00e9decine esth\u00e9tique adapt\u00e9s aux besoins de chacun. D\u00e9couvrez les techniques et les tarifs des injections d'acide hyaluronique ou de la liposuccion \u00e0 la clinique Bellefontaine de Lausanne","robots":{"index":"noindex","follow":"follow","max-snippet":"max-snippet:-1","max-image-preview":"max-image-preview:large","max-video-preview":"max-video-preview:-1"},"og_locale":"fr_FR","og_type":"article","og_title":"A propos de nous | Clinique Bellefontaine | Dr Favre | Lausanne","og_description":"L'\u00e9quipe du Dr Yann Favre propose des soins de m\u00e9decine esth\u00e9tique adapt\u00e9s aux besoins de chacun. D\u00e9couvrez les techniques et les tarifs des injections d'acide hyaluronique ou de la liposuccion \u00e0 la clinique Bellefontaine de Lausanne","og_url":"https:\/\/brazilianbuttlift.ch\/fr\/a-propos-de-nous\/","og_site_name":"Brazilianbuttlift","article_modified_time":"2024-01-10T13:48:40+00:00","twitter_card":"summary_large_image","schema":{"@context":"https:\/\/schema.org","@graph":[{"@type":"WebPage","@id":"https:\/\/brazilianbuttlift.ch\/fr\/a-propos-de-nous\/","url":"https:\/\/brazilianbuttlift.ch\/fr\/a-propos-de-nous\/","name":"A propos de nous | Clinique Bellefontaine | Dr Favre | Lausanne","isPartOf":{"@id":"https:\/\/brazilianbuttlift.ch\/fr\/#website"},"datePublished":"2023-08-21T20:52:33+00:00","dateModified":"2024-01-10T13:48:40+00:00","description":"L'\u00e9quipe du Dr Yann Favre propose des soins de m\u00e9decine esth\u00e9tique adapt\u00e9s aux besoins de chacun. D\u00e9couvrez les techniques et les tarifs des injections d'acide hyaluronique ou de la liposuccion \u00e0 la clinique Bellefontaine de Lausanne","breadcrumb":{"@id":"https:\/\/brazilianbuttlift.ch\/fr\/a-propos-de-nous\/#breadcrumb"},"inLanguage":"fr-FR","potentialAction":[{"@type":"ReadAction","target":["https:\/\/brazilianbuttlift.ch\/fr\/a-propos-de-nous\/"]}]},{"@type":"BreadcrumbList","@id":"https:\/\/brazilianbuttlift.ch\/fr\/a-propos-de-nous\/#breadcrumb","itemListElement":[{"@type":"ListItem","position":1,"name":"Home","item":"https:\/\/brazilianbuttlift.ch\/fr\/"},{"@type":"ListItem","position":2,"name":"A propos de nous"}]},{"@type":"WebSite","@id":"https:\/\/brazilianbuttlift.ch\/fr\/#website","url":"https:\/\/brazilianbuttlift.ch\/fr\/","name":"Brazilianbuttlift","description":"","potentialAction":[{"@type":"SearchAction","target":{"@type":"EntryPoint","urlTemplate":"https:\/\/brazilianbuttlift.ch\/fr\/?s={search_term_string}"},"query-input":"required name=search_term_string"}],"inLanguage":"fr-FR"}]}},"_links":{"self":[{"href":"https:\/\/brazilianbuttlift.ch\/fr\/wp-json\/wp\/v2\/pages\/6781"}],"collection":[{"href":"https:\/\/brazilianbuttlift.ch\/fr\/wp-json\/wp\/v2\/pages"}],"about":[{"href":"https:\/\/brazilianbuttlift.ch\/fr\/wp-json\/wp\/v2\/types\/page"}],"author":[{"embeddable":true,"href":"https:\/\/brazilianbuttlift.ch\/fr\/wp-json\/wp\/v2\/users\/18"}],"replies":[{"embeddable":true,"href":"https:\/\/brazilianbuttlift.ch\/fr\/wp-json\/wp\/v2\/comments?post=6781"}],"version-history":[{"count":6,"href":"https:\/\/brazilianbuttlift.ch\/fr\/wp-json\/wp\/v2\/pages\/6781\/revisions"}],"predecessor-version":[{"id":24285,"href":"https:\/\/brazilianbuttlift.ch\/fr\/wp-json\/wp\/v2\/pages\/6781\/revisions\/24285"}],"wp:attachment":[{"href":"https:\/\/brazilianbuttlift.ch\/fr\/wp-json\/wp\/v2\/media?parent=6781"}],"curies":[{"name":"wp","href":"https:\/\/api.w.org\/{rel}","templated":true}]}}