{"id":6845,"date":"2023-08-28T15:35:28","date_gmt":"2023-08-28T15:35:28","guid":{"rendered":"https:\/\/brazilianbuttlift.ch\/?page_id=6845"},"modified":"2026-03-09T15:14:59","modified_gmt":"2026-03-09T15:14:59","slug":"contact","status":"publish","type":"page","link":"https:\/\/brazilianbuttlift.ch\/fr\/contact\/","title":{"rendered":"Contact"},"content":{"rendered":"","protected":false},"excerpt":{"rendered":"","protected":false},"author":18,"featured_media":0,"parent":0,"menu_order":0,"comment_status":"open","ping_status":"closed","template":"page-templates\/ContactPage.php","meta":[],"acf":[],"yoast_head":"<!-- This site is optimized with the Yoast SEO plugin v19.13 - https:\/\/yoast.com\/wordpress\/plugins\/seo\/ -->\n<title>Nous contacter | Clinique Bellefontaine | Dr Favre | Lausanne<\/title>\n<meta name=\"description\" content=\"L&#039;\u00e9quipe du Dr Favre est \u00e0 votre \u00e9coute pour toutes questions ou demande de renseignements concernant les soins esth\u00e9tiques ou les actes de chirurgie pour visage et corps pratiqu\u00e9s au sein de la clinique Bellefontaine de Lausanne\" \/>\n<meta name=\"robots\" content=\"noindex, follow, max-snippet:-1, max-image-preview:large, max-video-preview:-1\" \/>\n<meta property=\"og:locale\" content=\"fr_FR\" \/>\n<meta property=\"og:type\" content=\"article\" \/>\n<meta property=\"og:title\" content=\"Nous contacter | Clinique Bellefontaine | Dr Favre | Lausanne\" \/>\n<meta property=\"og:description\" content=\"L&#039;\u00e9quipe du Dr Favre est \u00e0 votre \u00e9coute pour toutes questions ou demande de renseignements concernant les soins esth\u00e9tiques ou les actes de chirurgie pour visage et corps pratiqu\u00e9s au sein de la clinique Bellefontaine de Lausanne\" \/>\n<meta property=\"og:url\" content=\"https:\/\/brazilianbuttlift.ch\/fr\/contact\/\" \/>\n<meta property=\"og:site_name\" content=\"Brazilianbuttlift\" \/>\n<meta property=\"article:modified_time\" content=\"2026-03-09T15:14:59+00:00\" \/>\n<meta name=\"twitter:card\" content=\"summary_large_image\" \/>\n<script type=\"application\/ld+json\" class=\"yoast-schema-graph\">{\"@context\":\"https:\/\/schema.org\",\"@graph\":[{\"@type\":\"WebPage\",\"@id\":\"https:\/\/brazilianbuttlift.ch\/fr\/contact\/\",\"url\":\"https:\/\/brazilianbuttlift.ch\/fr\/contact\/\",\"name\":\"Nous contacter | Clinique Bellefontaine | Dr Favre | Lausanne\",\"isPartOf\":{\"@id\":\"https:\/\/brazilianbuttlift.ch\/fr\/#website\"},\"datePublished\":\"2023-08-28T15:35:28+00:00\",\"dateModified\":\"2026-03-09T15:14:59+00:00\",\"description\":\"L'\u00e9quipe du Dr Favre est \u00e0 votre \u00e9coute pour toutes questions ou demande de renseignements concernant les soins esth\u00e9tiques ou les actes de chirurgie pour visage et corps pratiqu\u00e9s au sein de la clinique Bellefontaine de Lausanne\",\"breadcrumb\":{\"@id\":\"https:\/\/brazilianbuttlift.ch\/fr\/contact\/#breadcrumb\"},\"inLanguage\":\"fr-FR\",\"potentialAction\":[{\"@type\":\"ReadAction\",\"target\":[\"https:\/\/brazilianbuttlift.ch\/fr\/contact\/\"]}]},{\"@type\":\"BreadcrumbList\",\"@id\":\"https:\/\/brazilianbuttlift.ch\/fr\/contact\/#breadcrumb\",\"itemListElement\":[{\"@type\":\"ListItem\",\"position\":1,\"name\":\"Home\",\"item\":\"https:\/\/brazilianbuttlift.ch\/fr\/\"},{\"@type\":\"ListItem\",\"position\":2,\"name\":\"Contact\"}]},{\"@type\":\"WebSite\",\"@id\":\"https:\/\/brazilianbuttlift.ch\/fr\/#website\",\"url\":\"https:\/\/brazilianbuttlift.ch\/fr\/\",\"name\":\"Brazilianbuttlift\",\"description\":\"\",\"potentialAction\":[{\"@type\":\"SearchAction\",\"target\":{\"@type\":\"EntryPoint\",\"urlTemplate\":\"https:\/\/brazilianbuttlift.ch\/fr\/?s={search_term_string}\"},\"query-input\":\"required name=search_term_string\"}],\"inLanguage\":\"fr-FR\"}]}<\/script>\n<!-- \/ Yoast SEO plugin. -->","yoast_head_json":{"title":"Nous contacter | Clinique Bellefontaine | Dr Favre | Lausanne","description":"L'\u00e9quipe du Dr Favre est \u00e0 votre \u00e9coute pour toutes questions ou demande de renseignements concernant les soins esth\u00e9tiques ou les actes de chirurgie pour visage et corps pratiqu\u00e9s au sein de la clinique Bellefontaine de Lausanne","robots":{"index":"noindex","follow":"follow","max-snippet":"max-snippet:-1","max-image-preview":"max-image-preview:large","max-video-preview":"max-video-preview:-1"},"og_locale":"fr_FR","og_type":"article","og_title":"Nous contacter | Clinique Bellefontaine | Dr Favre | Lausanne","og_description":"L'\u00e9quipe du Dr Favre est \u00e0 votre \u00e9coute pour toutes questions ou demande de renseignements concernant les soins esth\u00e9tiques ou les actes de chirurgie pour visage et corps pratiqu\u00e9s au sein de la clinique Bellefontaine de Lausanne","og_url":"https:\/\/brazilianbuttlift.ch\/fr\/contact\/","og_site_name":"Brazilianbuttlift","article_modified_time":"2026-03-09T15:14:59+00:00","twitter_card":"summary_large_image","schema":{"@context":"https:\/\/schema.org","@graph":[{"@type":"WebPage","@id":"https:\/\/brazilianbuttlift.ch\/fr\/contact\/","url":"https:\/\/brazilianbuttlift.ch\/fr\/contact\/","name":"Nous contacter | Clinique Bellefontaine | Dr Favre | Lausanne","isPartOf":{"@id":"https:\/\/brazilianbuttlift.ch\/fr\/#website"},"datePublished":"2023-08-28T15:35:28+00:00","dateModified":"2026-03-09T15:14:59+00:00","description":"L'\u00e9quipe du Dr Favre est \u00e0 votre \u00e9coute pour toutes questions ou demande de renseignements concernant les soins esth\u00e9tiques ou les actes de chirurgie pour visage et corps pratiqu\u00e9s au sein de la clinique Bellefontaine de Lausanne","breadcrumb":{"@id":"https:\/\/brazilianbuttlift.ch\/fr\/contact\/#breadcrumb"},"inLanguage":"fr-FR","potentialAction":[{"@type":"ReadAction","target":["https:\/\/brazilianbuttlift.ch\/fr\/contact\/"]}]},{"@type":"BreadcrumbList","@id":"https:\/\/brazilianbuttlift.ch\/fr\/contact\/#breadcrumb","itemListElement":[{"@type":"ListItem","position":1,"name":"Home","item":"https:\/\/brazilianbuttlift.ch\/fr\/"},{"@type":"ListItem","position":2,"name":"Contact"}]},{"@type":"WebSite","@id":"https:\/\/brazilianbuttlift.ch\/fr\/#website","url":"https:\/\/brazilianbuttlift.ch\/fr\/","name":"Brazilianbuttlift","description":"","potentialAction":[{"@type":"SearchAction","target":{"@type":"EntryPoint","urlTemplate":"https:\/\/brazilianbuttlift.ch\/fr\/?s={search_term_string}"},"query-input":"required name=search_term_string"}],"inLanguage":"fr-FR"}]}},"_links":{"self":[{"href":"https:\/\/brazilianbuttlift.ch\/fr\/wp-json\/wp\/v2\/pages\/6845"}],"collection":[{"href":"https:\/\/brazilianbuttlift.ch\/fr\/wp-json\/wp\/v2\/pages"}],"about":[{"href":"https:\/\/brazilianbuttlift.ch\/fr\/wp-json\/wp\/v2\/types\/page"}],"author":[{"embeddable":true,"href":"https:\/\/brazilianbuttlift.ch\/fr\/wp-json\/wp\/v2\/users\/18"}],"replies":[{"embeddable":true,"href":"https:\/\/brazilianbuttlift.ch\/fr\/wp-json\/wp\/v2\/comments?post=6845"}],"version-history":[{"count":2,"href":"https:\/\/brazilianbuttlift.ch\/fr\/wp-json\/wp\/v2\/pages\/6845\/revisions"}],"predecessor-version":[{"id":24570,"href":"https:\/\/brazilianbuttlift.ch\/fr\/wp-json\/wp\/v2\/pages\/6845\/revisions\/24570"}],"wp:attachment":[{"href":"https:\/\/brazilianbuttlift.ch\/fr\/wp-json\/wp\/v2\/media?parent=6845"}],"curies":[{"name":"wp","href":"https:\/\/api.w.org\/{rel}","templated":true}]}}