{"id":7091,"date":"2023-08-31T11:56:25","date_gmt":"2023-08-31T11:56:25","guid":{"rendered":"https:\/\/brazilianbuttlift.ch\/?page_id=7091"},"modified":"2023-11-23T10:33:56","modified_gmt":"2023-11-23T10:33:56","slug":"prix","status":"publish","type":"page","link":"https:\/\/brazilianbuttlift.ch\/fr\/prix\/","title":{"rendered":"Tarifs"},"content":{"rendered":"","protected":false},"excerpt":{"rendered":"","protected":false},"author":18,"featured_media":0,"parent":0,"menu_order":0,"comment_status":"open","ping_status":"open","template":"page-templates\/PricePage.php","meta":[],"acf":[],"yoast_head":"<!-- This site is optimized with the Yoast SEO plugin v19.13 - https:\/\/yoast.com\/wordpress\/plugins\/seo\/ -->\n<title>Tarifs : chirurgie esth\u00e9tique | Clinique Bellefontaine | Lausanne<\/title>\n<meta name=\"description\" content=\"Peeling, injection d&#039;acide hyaluronique, traitement des vergetures et des cicatrices, liposuccion, Coolsculpting, ou encore lifting, d\u00e9couvrez les diff\u00e9rents tarifs pratiqu\u00e9s au sein de la clinique Bellefontaine de Lausanne\" \/>\n<meta name=\"robots\" content=\"noindex, follow, max-snippet:-1, max-image-preview:large, max-video-preview:-1\" \/>\n<meta property=\"og:locale\" content=\"fr_FR\" \/>\n<meta property=\"og:type\" content=\"article\" \/>\n<meta property=\"og:title\" content=\"Tarifs : chirurgie esth\u00e9tique | Clinique Bellefontaine | Lausanne\" \/>\n<meta property=\"og:description\" content=\"Peeling, injection d&#039;acide hyaluronique, traitement des vergetures et des cicatrices, liposuccion, Coolsculpting, ou encore lifting, d\u00e9couvrez les diff\u00e9rents tarifs pratiqu\u00e9s au sein de la clinique Bellefontaine de Lausanne\" \/>\n<meta property=\"og:url\" content=\"https:\/\/brazilianbuttlift.ch\/fr\/prix\/\" \/>\n<meta property=\"og:site_name\" content=\"Brazilianbuttlift\" \/>\n<meta property=\"article:modified_time\" content=\"2023-11-23T10:33:56+00:00\" \/>\n<meta name=\"twitter:card\" content=\"summary_large_image\" \/>\n<script type=\"application\/ld+json\" class=\"yoast-schema-graph\">{\"@context\":\"https:\/\/schema.org\",\"@graph\":[{\"@type\":\"WebPage\",\"@id\":\"https:\/\/brazilianbuttlift.ch\/fr\/prix\/\",\"url\":\"https:\/\/brazilianbuttlift.ch\/fr\/prix\/\",\"name\":\"Tarifs : chirurgie esth\u00e9tique | Clinique Bellefontaine | Lausanne\",\"isPartOf\":{\"@id\":\"https:\/\/brazilianbuttlift.ch\/fr\/#website\"},\"datePublished\":\"2023-08-31T11:56:25+00:00\",\"dateModified\":\"2023-11-23T10:33:56+00:00\",\"description\":\"Peeling, injection d'acide hyaluronique, traitement des vergetures et des cicatrices, liposuccion, Coolsculpting, ou encore lifting, d\u00e9couvrez les diff\u00e9rents tarifs pratiqu\u00e9s au sein de la clinique Bellefontaine de Lausanne\",\"breadcrumb\":{\"@id\":\"https:\/\/brazilianbuttlift.ch\/fr\/prix\/#breadcrumb\"},\"inLanguage\":\"fr-FR\",\"potentialAction\":[{\"@type\":\"ReadAction\",\"target\":[\"https:\/\/brazilianbuttlift.ch\/fr\/prix\/\"]}]},{\"@type\":\"BreadcrumbList\",\"@id\":\"https:\/\/brazilianbuttlift.ch\/fr\/prix\/#breadcrumb\",\"itemListElement\":[{\"@type\":\"ListItem\",\"position\":1,\"name\":\"Home\",\"item\":\"https:\/\/brazilianbuttlift.ch\/fr\/\"},{\"@type\":\"ListItem\",\"position\":2,\"name\":\"Tarifs\"}]},{\"@type\":\"WebSite\",\"@id\":\"https:\/\/brazilianbuttlift.ch\/fr\/#website\",\"url\":\"https:\/\/brazilianbuttlift.ch\/fr\/\",\"name\":\"Brazilianbuttlift\",\"description\":\"\",\"potentialAction\":[{\"@type\":\"SearchAction\",\"target\":{\"@type\":\"EntryPoint\",\"urlTemplate\":\"https:\/\/brazilianbuttlift.ch\/fr\/?s={search_term_string}\"},\"query-input\":\"required name=search_term_string\"}],\"inLanguage\":\"fr-FR\"}]}<\/script>\n<!-- \/ Yoast SEO plugin. -->","yoast_head_json":{"title":"Tarifs : chirurgie esth\u00e9tique | Clinique Bellefontaine | Lausanne","description":"Peeling, injection d'acide hyaluronique, traitement des vergetures et des cicatrices, liposuccion, Coolsculpting, ou encore lifting, d\u00e9couvrez les diff\u00e9rents tarifs pratiqu\u00e9s au sein de la clinique Bellefontaine de Lausanne","robots":{"index":"noindex","follow":"follow","max-snippet":"max-snippet:-1","max-image-preview":"max-image-preview:large","max-video-preview":"max-video-preview:-1"},"og_locale":"fr_FR","og_type":"article","og_title":"Tarifs : chirurgie esth\u00e9tique | Clinique Bellefontaine | Lausanne","og_description":"Peeling, injection d'acide hyaluronique, traitement des vergetures et des cicatrices, liposuccion, Coolsculpting, ou encore lifting, d\u00e9couvrez les diff\u00e9rents tarifs pratiqu\u00e9s au sein de la clinique Bellefontaine de Lausanne","og_url":"https:\/\/brazilianbuttlift.ch\/fr\/prix\/","og_site_name":"Brazilianbuttlift","article_modified_time":"2023-11-23T10:33:56+00:00","twitter_card":"summary_large_image","schema":{"@context":"https:\/\/schema.org","@graph":[{"@type":"WebPage","@id":"https:\/\/brazilianbuttlift.ch\/fr\/prix\/","url":"https:\/\/brazilianbuttlift.ch\/fr\/prix\/","name":"Tarifs : chirurgie esth\u00e9tique | Clinique Bellefontaine | Lausanne","isPartOf":{"@id":"https:\/\/brazilianbuttlift.ch\/fr\/#website"},"datePublished":"2023-08-31T11:56:25+00:00","dateModified":"2023-11-23T10:33:56+00:00","description":"Peeling, injection d'acide hyaluronique, traitement des vergetures et des cicatrices, liposuccion, Coolsculpting, ou encore lifting, d\u00e9couvrez les diff\u00e9rents tarifs pratiqu\u00e9s au sein de la clinique Bellefontaine de Lausanne","breadcrumb":{"@id":"https:\/\/brazilianbuttlift.ch\/fr\/prix\/#breadcrumb"},"inLanguage":"fr-FR","potentialAction":[{"@type":"ReadAction","target":["https:\/\/brazilianbuttlift.ch\/fr\/prix\/"]}]},{"@type":"BreadcrumbList","@id":"https:\/\/brazilianbuttlift.ch\/fr\/prix\/#breadcrumb","itemListElement":[{"@type":"ListItem","position":1,"name":"Home","item":"https:\/\/brazilianbuttlift.ch\/fr\/"},{"@type":"ListItem","position":2,"name":"Tarifs"}]},{"@type":"WebSite","@id":"https:\/\/brazilianbuttlift.ch\/fr\/#website","url":"https:\/\/brazilianbuttlift.ch\/fr\/","name":"Brazilianbuttlift","description":"","potentialAction":[{"@type":"SearchAction","target":{"@type":"EntryPoint","urlTemplate":"https:\/\/brazilianbuttlift.ch\/fr\/?s={search_term_string}"},"query-input":"required name=search_term_string"}],"inLanguage":"fr-FR"}]}},"_links":{"self":[{"href":"https:\/\/brazilianbuttlift.ch\/fr\/wp-json\/wp\/v2\/pages\/7091"}],"collection":[{"href":"https:\/\/brazilianbuttlift.ch\/fr\/wp-json\/wp\/v2\/pages"}],"about":[{"href":"https:\/\/brazilianbuttlift.ch\/fr\/wp-json\/wp\/v2\/types\/page"}],"author":[{"embeddable":true,"href":"https:\/\/brazilianbuttlift.ch\/fr\/wp-json\/wp\/v2\/users\/18"}],"replies":[{"embeddable":true,"href":"https:\/\/brazilianbuttlift.ch\/fr\/wp-json\/wp\/v2\/comments?post=7091"}],"version-history":[{"count":0,"href":"https:\/\/brazilianbuttlift.ch\/fr\/wp-json\/wp\/v2\/pages\/7091\/revisions"}],"wp:attachment":[{"href":"https:\/\/brazilianbuttlift.ch\/fr\/wp-json\/wp\/v2\/media?parent=7091"}],"curies":[{"name":"wp","href":"https:\/\/api.w.org\/{rel}","templated":true}]}}